{"id":1735,"date":"2021-01-19T16:31:13","date_gmt":"2021-01-19T16:31:13","guid":{"rendered":"http:\/\/clatovall.com\/blog\/"},"modified":"2021-01-19T16:31:15","modified_gmt":"2021-01-19T16:31:15","slug":"blog","status":"publish","type":"page","link":"https:\/\/clatovall.com\/es\/blog\/","title":{"rendered":"Blog"},"content":{"rendered":"<div class=\"fusion-bg-parallax\" data-bg-align=\"center top\" data-direction=\"down\" data-mute=\"false\" data-opacity=\"100\" data-velocity=\"-0.4\" data-mobile-enabled=\"false\" data-break_parents=\"0\" data-bg-image=\"http:\/\/clatovall.com\/wp-content\/uploads\/2021\/01\/clatovall-reus-asesoria.png\" data-bg-repeat=\"false\" ><\/div><div class=\"fusion-fullwidth fullwidth-box fusion-builder-row-1 fusion-parallax-down nonhundred-percent-fullwidth non-hundred-percent-height-scrolling\" style=\"background-color: rgba(255,255,255,0);background-image: url(&quot;http:\/\/clatovall.com\/wp-content\/uploads\/2021\/01\/clatovall-reus-asesoria.png&quot;);background-position: center top;background-repeat: no-repeat;padding-top:10%;padding-right:5%;padding-bottom:10%;padding-left:5%;margin-bottom: 0px;margin-top: 0px;border-width: 0px 0px 0px 0px;border-color:#eae9e9;border-style:solid;-webkit-background-size:cover;-moz-background-size:cover;-o-background-size:cover;background-size:cover;\" ><div class=\"fusion-builder-row fusion-row\"><div class=\"fusion-layout-column fusion_builder_column fusion-builder-column-0 fusion_builder_column_1_1 1_1 fusion-one-full fusion-column-first fusion-column-last\" style=\"margin-top:0px;margin-bottom:30px;\"><div class=\"fusion-column-wrapper fusion-flex-column-wrapper-legacy\" style=\"background-position:left top;background-repeat:no-repeat;-webkit-background-size:cover;-moz-background-size:cover;-o-background-size:cover;background-size:cover;padding: 0px 0px 0px 0px;\"><div class=\"fusion-text fusion-text-1\" style=\"transform:translate3d(0,0,0);\"><hr>\n<h1 style=\"text-align: center\"><span style=\"color: #ffffff\">BLOG<\/span><\/h1>\n<p style=\"font-size: 26px;line-height: 36px;text-align: center\"><span style=\"color: #d68a2b\">Todo lo que necesitas saber<\/span><\/p>\n<\/div><div class=\"fusion-sep-clear\"><\/div><div class=\"fusion-separator fusion-full-width-sep\" style=\"margin-left: auto;margin-right: auto;width:100%;\"><\/div><div class=\"fusion-sep-clear\"><\/div><a class=\"fusion-one-page-text-link\" href=\"#contact\"><div class=\"fusion-fa-align-center\"><i class=\"fb-icon-element-1 fb-icon-element fontawesome-icon fa-chevron-down fa circle-no fusion-animated\" style=\"font-size:70px;\" data-animationType=\"fadeInUp\" data-animationDuration=\"0.6\" data-animationOffset=\"100%\"><\/i><\/div><style>i.fb-icon-element.fontawesome-icon.fb-icon-element-1{ color: #ffffff;}i.fb-icon-element.fontawesome-icon.fb-icon-element-1:hover { color: #ffffff;}<\/style><\/a><div class=\"fusion-clearfix\"><\/div><\/div><\/div><\/div><\/div><div class=\"fusion-fullwidth fullwidth-box fusion-builder-row-2 fusion-flex-container nonhundred-percent-fullwidth non-hundred-percent-height-scrolling\" style=\"background-color: rgba(255,255,255,0);background-position: center center;background-repeat: no-repeat;border-width: 0px 0px 0px 0px;border-color:#eae9e9;border-style:solid;\" ><div class=\"fusion-builder-row fusion-row fusion-flex-align-items-flex-start\" style=\"max-width:1216.8px;margin-left: calc(-4% \/ 2 );margin-right: calc(-4% \/ 2 );\"><div class=\"fusion-layout-column fusion_builder_column fusion-builder-column-1 fusion_builder_column_1_1 1_1 fusion-flex-column\"><div class=\"fusion-column-wrapper fusion-flex-justify-content-flex-start fusion-content-layout-column\" style=\"background-position:left top;background-repeat:no-repeat;-webkit-background-size:cover;-moz-background-size:cover;-o-background-size:cover;background-size:cover;padding: 0px 0px 0px 0px;\"><div class=\"fusion-recent-posts fusion-recent-posts-1 avada-container layout-default layout-columns-3 fusion-recent-posts-center\"><section class=\"fusion-columns columns fusion-columns-3 columns-3\"><article class=\"post fusion-column column col col-lg-4 col-md-4 col-sm-4\"><div class=\"fusion-flexslider fusion-flexslider-loading flexslider flexslider-hover-type-none\"><ul class=\"slides\"><li><a href=\"https:\/\/clatovall.com\/es\/bienvenidos-a-nuestro-blog\/\" aria-label=\"Bienvenidos a nuestro blog\" class=\"hover-type-none\"><img width=\"700\" height=\"441\" src=\"https:\/\/clatovall.com\/wp-content\/uploads\/2021\/01\/filtro-clatovall-700x441.png\" class=\"attachment-recent-posts size-recent-posts\" alt=\"clatovall\" decoding=\"async\" srcset=\"https:\/\/clatovall.com\/wp-content\/uploads\/2021\/01\/filtro-clatovall-320x202.png 320w, https:\/\/clatovall.com\/wp-content\/uploads\/2021\/01\/filtro-clatovall-700x441.png 700w\" sizes=\"(max-width: 700px) 100vw, 700px\" \/><\/a><\/li><\/ul><\/div><div class=\"recent-posts-content\"><span class=\"vcard\" style=\"display: none;\"><span class=\"fn\"><a href=\"https:\/\/clatovall.com\/es\/author\/notariamezquita\/\" title=\"Entradas de Clatovall\" rel=\"author\">Clatovall<\/a><\/span><\/span><span class=\"updated\" style=\"display:none;\">2021-02-10T09:19:31+00:00<\/span><h4 class=\"entry-title\"><a href=\"https:\/\/clatovall.com\/es\/bienvenidos-a-nuestro-blog\/\">Bienvenidos a nuestro blog<\/a><\/h4><p> BIENVENIDOS A NUESTRO BLOG  Un espacio creado para informarte y resolver todas tus dudas sobre todos los temas que necesites en el \u00e1mbito econ\u00f3mico y jur\u00eddico de tu empresa.   HORARIO DE [...]<\/p><\/div><\/article><\/section><\/div><\/div><\/div><style type=\"text\/css\">.fusion-body .fusion-builder-column-1{width:100% !important;margin-top : 50px;margin-bottom : 50px;}.fusion-builder-column-1 > .fusion-column-wrapper {padding-top : 0px !important;padding-right : 0px !important;margin-right : 1.92%;padding-bottom : 0px !important;padding-left : 0px !important;margin-left : 1.92%;}@media only screen and (max-width:1024px) {.fusion-body .fusion-builder-column-1{width:100% !important;order : 0;}.fusion-builder-column-1 > .fusion-column-wrapper {margin-right : 1.92%;margin-left : 1.92%;}}@media only screen and (max-width:640px) {.fusion-body .fusion-builder-column-1{width:100% !important;order : 0;}.fusion-builder-column-1 > .fusion-column-wrapper {margin-right : 1.92%;margin-left : 1.92%;}}<\/style><\/div><style type=\"text\/css\">.fusion-body .fusion-flex-container.fusion-builder-row-2{ padding-top : 0px;margin-top : 0px;padding-right : 0px;padding-bottom : 0px;margin-bottom : 0px;padding-left : 0px;}<\/style><\/div>\n","protected":false},"excerpt":{"rendered":"","protected":false},"author":1,"featured_media":0,"parent":0,"menu_order":0,"comment_status":"closed","ping_status":"closed","template":"100-width.php","meta":[],"_links":{"self":[{"href":"https:\/\/clatovall.com\/es\/wp-json\/wp\/v2\/pages\/1735"}],"collection":[{"href":"https:\/\/clatovall.com\/es\/wp-json\/wp\/v2\/pages"}],"about":[{"href":"https:\/\/clatovall.com\/es\/wp-json\/wp\/v2\/types\/page"}],"author":[{"embeddable":true,"href":"https:\/\/clatovall.com\/es\/wp-json\/wp\/v2\/users\/1"}],"replies":[{"embeddable":true,"href":"https:\/\/clatovall.com\/es\/wp-json\/wp\/v2\/comments?post=1735"}],"version-history":[{"count":14,"href":"https:\/\/clatovall.com\/es\/wp-json\/wp\/v2\/pages\/1735\/revisions"}],"predecessor-version":[{"id":1749,"href":"https:\/\/clatovall.com\/es\/wp-json\/wp\/v2\/pages\/1735\/revisions\/1749"}],"wp:attachment":[{"href":"https:\/\/clatovall.com\/es\/wp-json\/wp\/v2\/media?parent=1735"}],"curies":[{"name":"wp","href":"https:\/\/api.w.org\/{rel}","templated":true}]}}